{"id":7,"date":"2025-10-21T12:57:38","date_gmt":"2025-10-21T12:57:38","guid":{"rendered":"https:\/\/www.paraxys.com\/?page_id=7"},"modified":"2026-03-27T14:30:31","modified_gmt":"2026-03-27T14:30:31","slug":"about","status":"publish","type":"page","link":"https:\/\/www.paraxys.com\/index.php\/about\/","title":{"rendered":"Consultations"},"content":{"rendered":"\n<p><strong>Rejoignez notre r\u00e9seau de consultants !<\/strong><br>Que vous soyez expert en installations \u00e9lectriques, en solutions solaires ou en technologies num\u00e9riques, nous valorisons votre savoir\u2011faire. En compl\u00e9tant ce formulaire, vous nous permettez d\u2019\u00e9valuer vos comp\u00e9tences et de vous proposer des missions adapt\u00e9es \u00e0 votre expertise.<\/p>\n\n\n\n<p><strong>Cliquez sur le bouton ci\u2011dessous pour d\u00e9marrer votre inscription.<\/strong><\/p>\n\n\n\n<div class=\"wp-block-buttons is-layout-flex wp-block-buttons-is-layout-flex\">\n<div class=\"wp-block-button\"><a class=\"wp-block-button__link wp-element-button\" href=\"https:\/\/www.paraxys.com\/index.php\/job-application\/\"><strong>S&#8217;inscrire comment consultant<\/strong><\/a><\/div>\n<\/div>\n\n\n\n<p><\/p>\n","protected":false},"excerpt":{"rendered":"<p>Rejoignez notre r\u00e9seau de consultants !Que vous soyez expert en installations \u00e9lectriques, en solutions solaires&hellip;<\/p>\n","protected":false},"author":1,"featured_media":0,"parent":0,"menu_order":0,"comment_status":"closed","ping_status":"closed","template":"","meta":{"footnotes":""},"class_list":["post-7","page","type-page","status-publish","hentry"],"_links":{"self":[{"href":"https:\/\/www.paraxys.com\/index.php\/wp-json\/wp\/v2\/pages\/7","targetHints":{"allow":["GET"]}}],"collection":[{"href":"https:\/\/www.paraxys.com\/index.php\/wp-json\/wp\/v2\/pages"}],"about":[{"href":"https:\/\/www.paraxys.com\/index.php\/wp-json\/wp\/v2\/types\/page"}],"author":[{"embeddable":true,"href":"https:\/\/www.paraxys.com\/index.php\/wp-json\/wp\/v2\/users\/1"}],"replies":[{"embeddable":true,"href":"https:\/\/www.paraxys.com\/index.php\/wp-json\/wp\/v2\/comments?post=7"}],"version-history":[{"count":13,"href":"https:\/\/www.paraxys.com\/index.php\/wp-json\/wp\/v2\/pages\/7\/revisions"}],"predecessor-version":[{"id":545,"href":"https:\/\/www.paraxys.com\/index.php\/wp-json\/wp\/v2\/pages\/7\/revisions\/545"}],"wp:attachment":[{"href":"https:\/\/www.paraxys.com\/index.php\/wp-json\/wp\/v2\/media?parent=7"}],"curies":[{"name":"wp","href":"https:\/\/api.w.org\/{rel}","templated":true}]}}