{"id":42,"date":"2025-10-22T11:43:42","date_gmt":"2025-10-22T11:43:42","guid":{"rendered":"https:\/\/www.paraxys.com\/?page_id=42"},"modified":"2025-10-30T15:30:47","modified_gmt":"2025-10-30T15:30:47","slug":"service-supplementaire","status":"publish","type":"page","link":"https:\/\/www.paraxys.com\/index.php\/service-supplementaire\/","title":{"rendered":"Service suppl\u00e9mentaire"},"content":{"rendered":"\n<div class=\"wp-block-columns is-layout-flex wp-container-core-columns-is-layout-5ba13084 wp-block-columns-is-layout-flex\" style=\"padding-top:var(--wp--preset--spacing--large);padding-bottom:var(--wp--preset--spacing--large)\">\n<div class=\"wp-block-column is-vertically-aligned-center is-layout-flow wp-block-column-is-layout-flow\" style=\"padding-top:var(--wp--preset--spacing--large);padding-right:var(--wp--preset--spacing--small);padding-bottom:var(--wp--preset--spacing--large);padding-left:var(--wp--preset--spacing--small)\">\n<h5 class=\"wp-block-heading has-text-align-center\" style=\"padding-top:var(--wp--preset--spacing--xx-small);letter-spacing:-0.04em;line-height:1.1\">Audit \u00e9nerg\u00e9tique<\/h5>\n\n\n\n<p class=\"has-text-align-center\">Optimisez votre consommation gr\u00e2ce \u00e0 un audit \u00e9nerg\u00e9tique complet !<br>Nos experts analysent vos installations \u00e9lectriques, vos \u00e9quipements et vos habitudes de consommation afin d\u2019identifier les sources de gaspillage et les pistes d\u2019\u00e9conomie d\u2019\u00e9nergie. Vous obtenez un rapport d\u00e9taill\u00e9 avec des recommandations personnalis\u00e9es pour am\u00e9liorer votre efficacit\u00e9 \u00e9nerg\u00e9tique et r\u00e9duire durablement vos factures.<\/p>\n\n\n\n<p class=\"has-text-align-center\"><\/p>\n<\/div>\n\n\n\n<div class=\"wp-block-column is-vertically-aligned-center has-grey-background-color has-gray-background-color has-background is-layout-flow wp-block-column-is-layout-flow\" style=\"padding-top:var(--wp--preset--spacing--large);padding-right:var(--wp--preset--spacing--small);padding-bottom:var(--wp--preset--spacing--large);padding-left:var(--wp--preset--spacing--small)\">\n<h5 class=\"wp-block-heading has-text-align-center\" style=\"padding-top:var(--wp--preset--spacing--xx-small);letter-spacing:-0.03em;line-height:1.1\">Conseils pour r\u00e9duction de consommation<\/h5>\n\n\n\n<p class=\"has-text-align-center\">Faites le choix d\u2019une consommation intelligente !<br>Nous vous accompagnons dans la mise en place de bonnes pratiques et de solutions techniques adapt\u00e9es \u00e0 votre situation. De l\u2019optimisation de vos appareils \u00e9lectriques \u00e0 la gestion de l\u2019\u00e9clairage et de la climatisation, nos conseils vous permettent de r\u00e9aliser des \u00e9conomies significatives sans sacrifier votre confort.<\/p>\n\n\n\n<p class=\"has-text-align-center\"><\/p>\n<\/div>\n<\/div>\n\n\n\n<div class=\"wp-block-columns is-layout-flex wp-container-core-columns-is-layout-5ba13084 wp-block-columns-is-layout-flex\" style=\"padding-top:var(--wp--preset--spacing--large);padding-bottom:var(--wp--preset--spacing--large)\">\n<div class=\"wp-block-column is-vertically-aligned-center is-layout-flow wp-block-column-is-layout-flow\" style=\"padding-top:var(--wp--preset--spacing--large);padding-right:var(--wp--preset--spacing--small);padding-bottom:var(--wp--preset--spacing--large);padding-left:var(--wp--preset--spacing--small)\">\n<h5 class=\"wp-block-heading has-text-align-center\" style=\"padding-top:var(--wp--preset--spacing--xx-small);letter-spacing:-0.04em;line-height:1.1\">Accompagnement administratif<\/h5>\n\n\n\n<p class=\"has-text-align-center\">Gagnez du temps et simplifiez vos d\u00e9marches !<br>Notre \u00e9quipe prend en charge l\u2019ensemble des proc\u00e9dures administratives li\u00e9es \u00e0 votre projet \u00e9nerg\u00e9tique : demande de raccordement, dossiers de subvention, autorisations techniques\u2026 Nous vous guidons pas \u00e0 pas pour que votre installation soit conforme, subventionn\u00e9e et mise en service dans les meilleurs d\u00e9lais.<\/p>\n\n\n\n<p class=\"has-text-align-center\"><\/p>\n<\/div>\n\n\n\n<div class=\"wp-block-column is-vertically-aligned-center has-grey-background-color has-gray-background-color has-background is-layout-flow wp-block-column-is-layout-flow\" style=\"padding-top:var(--wp--preset--spacing--large);padding-right:var(--wp--preset--spacing--small);padding-bottom:var(--wp--preset--spacing--large);padding-left:var(--wp--preset--spacing--small)\">\n<h5 class=\"wp-block-heading has-text-align-center\" style=\"padding-top:var(--wp--preset--spacing--xx-small);letter-spacing:-0.03em;line-height:1.1\">Formation des utilisateurs<\/h5>\n\n\n\n<p class=\"has-text-align-center\">Ma\u00eetrisez votre installation en toute confiance !<br>Nous proposons des sessions de formation pratiques pour vous apprendre \u00e0 utiliser et entretenir efficacement votre syst\u00e8me \u00e9lectrique ou solaire. Ces formations permettent \u00e0 chaque utilisateur de comprendre le fonctionnement des \u00e9quipements, d\u2019assurer leur long\u00e9vit\u00e9 et d\u2019en tirer le meilleur rendement.<\/p>\n\n\n\n<p class=\"has-text-align-center\"><\/p>\n<\/div>\n\n\n\n<div class=\"wp-block-column is-vertically-aligned-center is-layout-flow wp-block-column-is-layout-flow\" style=\"border-style:none;border-width:0px;padding-top:var(--wp--preset--spacing--large);padding-right:var(--wp--preset--spacing--small);padding-bottom:var(--wp--preset--spacing--large);padding-left:var(--wp--preset--spacing--small)\">\n<h5 class=\"wp-block-heading has-text-align-center\" style=\"padding-top:var(--wp--preset--spacing--xx-small);letter-spacing:-0.03em;line-height:1.1\">Solutions d\u2019\u00e9clairage LED \u00e9conomiques<\/h5>\n\n\n\n<p class=\"has-text-align-center\">\u00c9clairez mieux, d\u00e9pensez moins !<br>Nous proposons une large gamme de solutions d\u2019\u00e9clairage LED modernes, \u00e9conomiques et durables. Que ce soit pour votre maison, vos bureaux ou vos locaux professionnels, nos luminaires garantissent un confort visuel optimal tout en r\u00e9duisant jusqu\u2019\u00e0 80 % votre consommation d\u2019\u00e9nergie.<\/p>\n\n\n\n<p class=\"has-text-align-center\"><\/p>\n<\/div>\n<\/div>\n\n\n\n<div class=\"wp-block-columns is-layout-flex wp-container-core-columns-is-layout-5ba13084 wp-block-columns-is-layout-flex\" style=\"padding-top:var(--wp--preset--spacing--large);padding-bottom:var(--wp--preset--spacing--large)\">\n<div class=\"wp-block-column is-vertically-aligned-center is-layout-flow wp-block-column-is-layout-flow\" style=\"padding-top:var(--wp--preset--spacing--large);padding-right:var(--wp--preset--spacing--small);padding-bottom:var(--wp--preset--spacing--large);padding-left:var(--wp--preset--spacing--small)\">\n<figure class=\"wp-block-image aligncenter size-full is-resized bk-duotone-primary\"><img decoding=\"async\" src=\"http:\/\/localhost\/wordpress\/wp-content\/themes\/prespa\/assets\/img\/patterns\/icons\/user-friendly.svg\" alt=\"\" class=\"wp-image-253\" style=\"width:40px;height:40px\"\/><\/figure>\n\n\n\n<h5 class=\"wp-block-heading has-text-align-center\" style=\"padding-top:var(--wp--preset--spacing--xx-small);letter-spacing:-0.04em;line-height:1.1\">User Friendly<\/h5>\n\n\n\n<p class=\"has-text-align-center\">Vitae semper quis lectus. Lacus sed viverra tellus in hac. Senectus et netus et malesuada fames ac turpis.<\/p>\n<\/div>\n\n\n\n<div class=\"wp-block-column is-vertically-aligned-center has-grey-background-color has-gray-background-color has-background is-layout-flow wp-block-column-is-layout-flow\" style=\"padding-top:var(--wp--preset--spacing--large);padding-right:var(--wp--preset--spacing--small);padding-bottom:var(--wp--preset--spacing--large);padding-left:var(--wp--preset--spacing--small)\">\n<figure class=\"wp-block-image aligncenter size-full is-resized bk-duotone-primary\"><img decoding=\"async\" src=\"http:\/\/localhost\/wordpress\/wp-content\/themes\/prespa\/assets\/img\/patterns\/icons\/collaboration-support.svg\" alt=\"\" class=\"wp-image-254\" style=\"width:40px;height:40px\"\/><\/figure>\n\n\n\n<h5 class=\"wp-block-heading has-text-align-center\" style=\"padding-top:var(--wp--preset--spacing--xx-small);letter-spacing:-0.03em;line-height:1.1\">Research &amp; Analysis<\/h5>\n\n\n\n<p class=\"has-text-align-center\">Vitae semper quis lectus. Lacus sed viverra tellus in hac. Senectus et netus et malesuada fames ac turpis..<\/p>\n<\/div>\n\n\n\n<div class=\"wp-block-column is-vertically-aligned-center is-layout-flow wp-block-column-is-layout-flow\" style=\"border-style:none;border-width:0px;padding-top:var(--wp--preset--spacing--large);padding-right:var(--wp--preset--spacing--small);padding-bottom:var(--wp--preset--spacing--large);padding-left:var(--wp--preset--spacing--small)\">\n<figure class=\"wp-block-image aligncenter size-full is-resized bk-duotone-primary wp-duotone-2253cb-2253cb-1\"><img decoding=\"async\" src=\"http:\/\/localhost\/wordpress\/wp-content\/themes\/prespa\/assets\/img\/patterns\/icons\/advanced-analytics.svg\" alt=\"\" class=\"wp-image-256\" style=\"width:40px;height:40px\"\/><\/figure>\n\n\n\n<h5 class=\"wp-block-heading has-text-align-center\" style=\"padding-top:var(--wp--preset--spacing--xx-small);letter-spacing:-0.03em;line-height:1.1\">Google Analytics<\/h5>\n\n\n\n<p class=\"has-text-align-center\">Vitae semper quis lectus. Lacus sed viverra tellus in hac. Senectus et netus et malesuada fames ac turpis.<\/p>\n<\/div>\n<\/div>\n\n\n\n<p><\/p>\n","protected":false},"excerpt":{"rendered":"<p>Audit \u00e9nerg\u00e9tique Optimisez votre consommation gr\u00e2ce \u00e0 un audit \u00e9nerg\u00e9tique complet !Nos experts analysent vos&hellip;<\/p>\n","protected":false},"author":1,"featured_media":0,"parent":0,"menu_order":0,"comment_status":"closed","ping_status":"closed","template":"","meta":{"footnotes":""},"class_list":["post-42","page","type-page","status-publish","hentry"],"_links":{"self":[{"href":"https:\/\/www.paraxys.com\/index.php\/wp-json\/wp\/v2\/pages\/42","targetHints":{"allow":["GET"]}}],"collection":[{"href":"https:\/\/www.paraxys.com\/index.php\/wp-json\/wp\/v2\/pages"}],"about":[{"href":"https:\/\/www.paraxys.com\/index.php\/wp-json\/wp\/v2\/types\/page"}],"author":[{"embeddable":true,"href":"https:\/\/www.paraxys.com\/index.php\/wp-json\/wp\/v2\/users\/1"}],"replies":[{"embeddable":true,"href":"https:\/\/www.paraxys.com\/index.php\/wp-json\/wp\/v2\/comments?post=42"}],"version-history":[{"count":12,"href":"https:\/\/www.paraxys.com\/index.php\/wp-json\/wp\/v2\/pages\/42\/revisions"}],"predecessor-version":[{"id":106,"href":"https:\/\/www.paraxys.com\/index.php\/wp-json\/wp\/v2\/pages\/42\/revisions\/106"}],"wp:attachment":[{"href":"https:\/\/www.paraxys.com\/index.php\/wp-json\/wp\/v2\/media?parent=42"}],"curies":[{"name":"wp","href":"https:\/\/api.w.org\/{rel}","templated":true}]}}